{"id":2572,"date":"2017-12-04T14:37:27","date_gmt":"2017-12-04T13:37:27","guid":{"rendered":"http:\/\/funnywood.eu\/product\/trennelement-vergnugt-theater\/"},"modified":"2017-12-04T14:37:27","modified_gmt":"2017-12-04T13:37:27","slug":"trennelement-vergnugt-theater","status":"publish","type":"product","link":"https:\/\/funnywood.eu\/de\/proizvod\/trennelement-vergnugt-theater\/","title":{"rendered":"Trennelement &#8220; Vergn\u00fcgt Theater &#8220;"},"content":{"rendered":"<div id=\"main\">\n<div id=\"cnt\" class=\"big\">\n<div class=\"mw\">\n<div id=\"rcnt\">\n<div class=\"col\">\n<div id=\"center_col\">\n<div id=\"res\" class=\"med\" role=\"main\">\n<div id=\"search\" data-jiis=\"uc\">\n<div data-ved=\"0ahUKEwjr36m-p8rYAhUIDywKHepSB2gQGggp\">\n<div id=\"ires\" data-async-context=\"query:prevoditelj\">\n<div id=\"rso\">\n<div class=\"_NId\">\n<div class=\"g tpo knavi obcontainer mod\" data-hveid=\"42\" data-ved=\"0ahUKEwjr36m-p8rYAhUIDywKHepSB2gQkCkIKigAMAA\" data-md=\"77\">\n<div data-hveid=\"43\">\n<div id=\"tw-container\" class=\"vk_c\" data-ulf=\"1\" data-uilc=\"hr\" data-sm=\"1\" data-rf=\"1\" data-nttsd=\"1\" data-nnttsvi=\"1\" data-exp=\"1\" data-cp=\"1\">\n<div id=\"uid_0\" class=\"r-i64EOhRbHGOI xpdbox xpdclose\">\n<div class=\"vk_bk r-iGIehJgT4_fo\">\n<div id=\"tw-ob\">\n<div class=\"_Ejb\">\n<div id=\"tw-target\">\n<div id=\"tw-target-text-container\" class=\"tw-ta-container tw-nfl\">\n<pre id=\"tw-target-text\" class=\"tw-data-text tw-ta tw-text-small\" dir=\"ltr\" data-placeholder=\"Prijevod\" data-fulltext=\"\"><span lang=\"de\">Trennelement \"fr\u00f6hliches Theater\" aus Sperrholz und Mediapana. Die Basis des Rahmens aus Sperrholz, mit einer wellenf\u00f6rmigen Einf\u00fcgung des Mediapan gemacht. Alle Kanten sind mit abgerundeten Kanten geschnitzt. Das Sto\u00dff\u00e4ngerelement wird auf vier R\u00e4dern angetrieben, von denen zwei eine Sicherheitsbremse aufweisen<\/span><\/pre>\n<\/div>\n<\/div>\n<\/div>\n<\/div>\n<\/div>\n<\/div>\n<\/div>\n<\/div>\n<\/div>\n<\/div>\n<\/div>\n<\/div>\n<\/div>\n<\/div>\n<\/div>\n<\/div>\n<\/div>\n<\/div>\n<\/div>\n<\/div>\n<\/div>\n","protected":false},"excerpt":{"rendered":"<div id=\"main\">\n<div id=\"cnt\" class=\"big\">\n<div class=\"mw\">\n<div id=\"rcnt\">\n<div class=\"col\">\n<div id=\"center_col\">\n<div id=\"res\" class=\"med\" role=\"main\">\n<div id=\"search\" data-jiis=\"uc\">\n<div data-ved=\"0ahUKEwjr36m-p8rYAhUIDywKHepSB2gQGggp\">\n<div id=\"ires\" data-async-context=\"query:prevoditelj\">\n<div id=\"rso\">\n<div class=\"_NId\">\n<div class=\"g tpo knavi obcontainer mod\" data-hveid=\"42\" data-ved=\"0ahUKEwjr36m-p8rYAhUIDywKHepSB2gQkCkIKigAMAA\" data-md=\"77\">\n<div data-hveid=\"43\">\n<div id=\"tw-container\" class=\"vk_c tw-reflow\" data-ulf=\"1\" data-uilc=\"hr\" data-sm=\"1\" data-rf=\"1\" data-nttsd=\"1\" data-nnttsvi=\"1\" data-exp=\"1\" data-cp=\"1\">\n<div id=\"uid_0\" class=\"r-i64EOhRbHGOI xpdbox xpdclose\">\n<div class=\"vk_bk r-iGIehJgT4_fo\">\n<div id=\"tw-ob\">\n<div class=\"_Ejb\">\n<div id=\"tw-target\">\n<div id=\"tw-target-text-container\" class=\"tw-ta-container tw-nfl\">\n<pre id=\"tw-target-text\" class=\"tw-data-text tw-ta tw-text-medium\" dir=\"ltr\" data-placeholder=\"Prijevod\" data-fulltext=\"\"><span lang=\"de\">Material: Sperrholz Buche (oder Birke), Silikonrollen<\/span><\/pre>\n<\/div>\n<\/div>\n<\/div>\n<\/div>\n<\/div>\n<\/div>\n<\/div>\n<\/div>\n<\/div>\n<\/div>\n<\/div>\n<\/div>\n<\/div>\n<\/div>\n<\/div>\n<\/div>\n<\/div>\n<\/div>\n<\/div>\n<\/div>\n<\/div>\n","protected":false},"featured_media":2426,"template":"","meta":[],"product_brand":[],"product_cat":[241,239],"product_tag":[295],"class_list":{"0":"post-2572","1":"product","2":"type-product","3":"status-publish","4":"has-post-thumbnail","6":"product_cat-moebel-fuer-kindergaerten-und-spielgruppen","7":"product_cat-zimmer-divider","8":"product_tag-partitionselement","10":"first","11":"instock","12":"taxable","13":"shipping-taxable","14":"purchasable","15":"product-type-simple"},"yoast_head":"<!-- This site is optimized with the Yoast SEO plugin v27.6 - https:\/\/yoast.com\/product\/yoast-seo-wordpress\/ -->\n<title>Trennelement &#039;&#039; Vergn\u00fcgt Theater &#039;&#039; - Blog<\/title>\n<meta name=\"robots\" content=\"index, follow, max-snippet:-1, max-image-preview:large, max-video-preview:-1\" \/>\n<link rel=\"canonical\" href=\"https:\/\/funnywood.eu\/de\/proizvod\/trennelement-vergnugt-theater\/\" \/>\n<meta property=\"og:locale\" content=\"de_DE\" \/>\n<meta property=\"og:type\" content=\"article\" \/>\n<meta property=\"og:title\" content=\"Trennelement &#039;&#039; Vergn\u00fcgt Theater &#039;&#039; - Blog\" \/>\n<meta property=\"og:description\" content=\"Material: Sperrholz Buche (oder Birke), Silikonrollen\" \/>\n<meta property=\"og:url\" content=\"https:\/\/funnywood.eu\/de\/proizvod\/trennelement-vergnugt-theater\/\" \/>\n<meta property=\"og:site_name\" content=\"Blog\" \/>\n<meta property=\"og:image\" content=\"https:\/\/funnywood.eu\/wp-content\/uploads\/sites\/4\/2017\/12\/35.-S.1640.-PREGRADNI-ELEMENT-VESELO-KAZALI\u0160TE.png\" \/>\n\t<meta property=\"og:image:width\" content=\"370\" \/>\n\t<meta property=\"og:image:height\" content=\"430\" \/>\n\t<meta property=\"og:image:type\" content=\"image\/png\" \/>\n<meta name=\"twitter:card\" content=\"summary_large_image\" \/>\n<script type=\"application\/ld+json\" class=\"yoast-schema-graph\">{\"@context\":\"https:\\\/\\\/schema.org\",\"@graph\":[{\"@type\":\"WebPage\",\"@id\":\"https:\\\/\\\/funnywood.eu\\\/de\\\/proizvod\\\/trennelement-vergnugt-theater\\\/\",\"url\":\"https:\\\/\\\/funnywood.eu\\\/de\\\/proizvod\\\/trennelement-vergnugt-theater\\\/\",\"name\":\"Trennelement '' Vergn\u00fcgt Theater '' - Blog\",\"isPartOf\":{\"@id\":\"https:\\\/\\\/funnywood.eu\\\/#website\"},\"primaryImageOfPage\":{\"@id\":\"https:\\\/\\\/funnywood.eu\\\/de\\\/proizvod\\\/trennelement-vergnugt-theater\\\/#primaryimage\"},\"image\":{\"@id\":\"https:\\\/\\\/funnywood.eu\\\/de\\\/proizvod\\\/trennelement-vergnugt-theater\\\/#primaryimage\"},\"thumbnailUrl\":\"https:\\\/\\\/funnywood.eu\\\/wp-content\\\/uploads\\\/sites\\\/4\\\/2017\\\/12\\\/35.-S.1640.-PREGRADNI-ELEMENT-VESELO-KAZALI\u0160TE.png\",\"datePublished\":\"2017-12-04T13:37:27+00:00\",\"breadcrumb\":{\"@id\":\"https:\\\/\\\/funnywood.eu\\\/de\\\/proizvod\\\/trennelement-vergnugt-theater\\\/#breadcrumb\"},\"inLanguage\":\"de\",\"potentialAction\":[{\"@type\":\"ReadAction\",\"target\":[\"https:\\\/\\\/funnywood.eu\\\/de\\\/proizvod\\\/trennelement-vergnugt-theater\\\/\"]}]},{\"@type\":\"ImageObject\",\"inLanguage\":\"de\",\"@id\":\"https:\\\/\\\/funnywood.eu\\\/de\\\/proizvod\\\/trennelement-vergnugt-theater\\\/#primaryimage\",\"url\":\"https:\\\/\\\/funnywood.eu\\\/wp-content\\\/uploads\\\/sites\\\/4\\\/2017\\\/12\\\/35.-S.1640.-PREGRADNI-ELEMENT-VESELO-KAZALI\u0160TE.png\",\"contentUrl\":\"https:\\\/\\\/funnywood.eu\\\/wp-content\\\/uploads\\\/sites\\\/4\\\/2017\\\/12\\\/35.-S.1640.-PREGRADNI-ELEMENT-VESELO-KAZALI\u0160TE.png\",\"width\":370,\"height\":430},{\"@type\":\"BreadcrumbList\",\"@id\":\"https:\\\/\\\/funnywood.eu\\\/de\\\/proizvod\\\/trennelement-vergnugt-theater\\\/#breadcrumb\",\"itemListElement\":[{\"@type\":\"ListItem\",\"position\":1,\"name\":\"Po\u010detna stranica\",\"item\":\"https:\\\/\\\/funnywood.eu\\\/de\\\/\"},{\"@type\":\"ListItem\",\"position\":2,\"name\":\"Proizvodi\",\"item\":\"https:\\\/\\\/funnywood.eu\\\/proizvodi\\\/\"},{\"@type\":\"ListItem\",\"position\":3,\"name\":\"Trennelement &#8220; Vergn\u00fcgt Theater &#8220;\"}]},{\"@type\":\"WebSite\",\"@id\":\"https:\\\/\\\/funnywood.eu\\\/#website\",\"url\":\"https:\\\/\\\/funnywood.eu\\\/\",\"name\":\"Blog\",\"description\":\"Funny Wood\",\"potentialAction\":[{\"@type\":\"SearchAction\",\"target\":{\"@type\":\"EntryPoint\",\"urlTemplate\":\"https:\\\/\\\/funnywood.eu\\\/?s={search_term_string}\"},\"query-input\":{\"@type\":\"PropertyValueSpecification\",\"valueRequired\":true,\"valueName\":\"search_term_string\"}}],\"inLanguage\":\"de\"}]}<\/script>\n<!-- \/ Yoast SEO plugin. -->","yoast_head_json":{"title":"Trennelement '' Vergn\u00fcgt Theater '' - Blog","robots":{"index":"index","follow":"follow","max-snippet":"max-snippet:-1","max-image-preview":"max-image-preview:large","max-video-preview":"max-video-preview:-1"},"canonical":"https:\/\/funnywood.eu\/de\/proizvod\/trennelement-vergnugt-theater\/","og_locale":"de_DE","og_type":"article","og_title":"Trennelement '' Vergn\u00fcgt Theater '' - Blog","og_description":"Material: Sperrholz Buche (oder Birke), Silikonrollen","og_url":"https:\/\/funnywood.eu\/de\/proizvod\/trennelement-vergnugt-theater\/","og_site_name":"Blog","og_image":[{"width":370,"height":430,"url":"https:\/\/funnywood.eu\/wp-content\/uploads\/sites\/4\/2017\/12\/35.-S.1640.-PREGRADNI-ELEMENT-VESELO-KAZALI\u0160TE.png","type":"image\/png"}],"twitter_card":"summary_large_image","schema":{"@context":"https:\/\/schema.org","@graph":[{"@type":"WebPage","@id":"https:\/\/funnywood.eu\/de\/proizvod\/trennelement-vergnugt-theater\/","url":"https:\/\/funnywood.eu\/de\/proizvod\/trennelement-vergnugt-theater\/","name":"Trennelement '' Vergn\u00fcgt Theater '' - Blog","isPartOf":{"@id":"https:\/\/funnywood.eu\/#website"},"primaryImageOfPage":{"@id":"https:\/\/funnywood.eu\/de\/proizvod\/trennelement-vergnugt-theater\/#primaryimage"},"image":{"@id":"https:\/\/funnywood.eu\/de\/proizvod\/trennelement-vergnugt-theater\/#primaryimage"},"thumbnailUrl":"https:\/\/funnywood.eu\/wp-content\/uploads\/sites\/4\/2017\/12\/35.-S.1640.-PREGRADNI-ELEMENT-VESELO-KAZALI\u0160TE.png","datePublished":"2017-12-04T13:37:27+00:00","breadcrumb":{"@id":"https:\/\/funnywood.eu\/de\/proizvod\/trennelement-vergnugt-theater\/#breadcrumb"},"inLanguage":"de","potentialAction":[{"@type":"ReadAction","target":["https:\/\/funnywood.eu\/de\/proizvod\/trennelement-vergnugt-theater\/"]}]},{"@type":"ImageObject","inLanguage":"de","@id":"https:\/\/funnywood.eu\/de\/proizvod\/trennelement-vergnugt-theater\/#primaryimage","url":"https:\/\/funnywood.eu\/wp-content\/uploads\/sites\/4\/2017\/12\/35.-S.1640.-PREGRADNI-ELEMENT-VESELO-KAZALI\u0160TE.png","contentUrl":"https:\/\/funnywood.eu\/wp-content\/uploads\/sites\/4\/2017\/12\/35.-S.1640.-PREGRADNI-ELEMENT-VESELO-KAZALI\u0160TE.png","width":370,"height":430},{"@type":"BreadcrumbList","@id":"https:\/\/funnywood.eu\/de\/proizvod\/trennelement-vergnugt-theater\/#breadcrumb","itemListElement":[{"@type":"ListItem","position":1,"name":"Po\u010detna stranica","item":"https:\/\/funnywood.eu\/de\/"},{"@type":"ListItem","position":2,"name":"Proizvodi","item":"https:\/\/funnywood.eu\/proizvodi\/"},{"@type":"ListItem","position":3,"name":"Trennelement &#8220; Vergn\u00fcgt Theater &#8220;"}]},{"@type":"WebSite","@id":"https:\/\/funnywood.eu\/#website","url":"https:\/\/funnywood.eu\/","name":"Blog","description":"Funny Wood","potentialAction":[{"@type":"SearchAction","target":{"@type":"EntryPoint","urlTemplate":"https:\/\/funnywood.eu\/?s={search_term_string}"},"query-input":{"@type":"PropertyValueSpecification","valueRequired":true,"valueName":"search_term_string"}}],"inLanguage":"de"}]}},"_links":{"self":[{"href":"https:\/\/funnywood.eu\/de\/wp-json\/wp\/v2\/product\/2572","targetHints":{"allow":["GET"]}}],"collection":[{"href":"https:\/\/funnywood.eu\/de\/wp-json\/wp\/v2\/product"}],"about":[{"href":"https:\/\/funnywood.eu\/de\/wp-json\/wp\/v2\/types\/product"}],"wp:featuredmedia":[{"embeddable":true,"href":"https:\/\/funnywood.eu\/de\/wp-json\/wp\/v2\/media\/2426"}],"wp:attachment":[{"href":"https:\/\/funnywood.eu\/de\/wp-json\/wp\/v2\/media?parent=2572"}],"wp:term":[{"taxonomy":"product_brand","embeddable":true,"href":"https:\/\/funnywood.eu\/de\/wp-json\/wp\/v2\/product_brand?post=2572"},{"taxonomy":"product_cat","embeddable":true,"href":"https:\/\/funnywood.eu\/de\/wp-json\/wp\/v2\/product_cat?post=2572"},{"taxonomy":"product_tag","embeddable":true,"href":"https:\/\/funnywood.eu\/de\/wp-json\/wp\/v2\/product_tag?post=2572"}],"curies":[{"name":"wp","href":"https:\/\/api.w.org\/{rel}","templated":true}]}}